{"id":135,"date":"2016-02-03T09:52:48","date_gmt":"2016-02-03T09:52:48","guid":{"rendered":"http:\/\/www.werft-malz.de\/?page_id=135"},"modified":"2019-08-20T12:34:27","modified_gmt":"2019-08-20T12:34:27","slug":"startseite","status":"publish","type":"page","link":"https:\/\/www.werft-malz.de\/","title":{"rendered":"Startseite"},"content":{"rendered":"<p>Auf dem insgesamt 26000qm gro\u00dfem Gel\u00e4nde der Werft Malz GmbH k\u00f6nnen Motor- g\u00fcterschiffe, Fahrgastschiffe, Schubboote, technische Flotte und Beh\u00f6rdenfahrzeuge (insbesondere Polizeiboote) an Land genommen, repariert sowie Neubau- und Instandsetzungsarbeiten im Schiffsinneren bzw. an Schiffssystemen durchgef\u00fchrt werden.Desweiteren ist es m\u00f6glich durch die firmeneigene Tischlerei auch Innenausbauten und andere M\u00f6beltischlerarbeiten auszuf\u00fchren.<\/p>\n<p>Weitere Partner f\u00fcr Korrosionsschutz-\/Malerarbeiten sowie Elektrik und Nautik sind am Standort ans\u00e4ssig.<\/p>\n<p>N\u00e4here Infos finden sie in unserem <span style=\"text-decoration: underline;\">Leistungsangebot<\/span><\/p>\n<div id=\"attachment_141\" style=\"width: 310px\" class=\"wp-caption alignleft\"><img aria-describedby=\"caption-attachment-141\" decoding=\"async\" loading=\"lazy\" class=\"wp-image-141 size-medium\" src=\"http:\/\/www.werft-malz.de\/wp-content\/uploads\/2016\/02\/DVS_Zert_RGB.jpg-300x64.jpg\" alt=\"DVS_Zert_ohneR_RGB\" width=\"300\" height=\"64\" srcset=\"https:\/\/www.werft-malz.de\/wp-content\/uploads\/2016\/02\/DVS_Zert_RGB.jpg-300x64.jpg 300w, https:\/\/www.werft-malz.de\/wp-content\/uploads\/2016\/02\/DVS_Zert_RGB.jpg-768x164.jpg 768w, https:\/\/www.werft-malz.de\/wp-content\/uploads\/2016\/02\/DVS_Zert_RGB.jpg-1024x218.jpg 1024w, https:\/\/www.werft-malz.de\/wp-content\/uploads\/2016\/02\/DVS_Zert_RGB.jpg-624x133.jpg 624w\" sizes=\"(max-width: 300px) 100vw, 300px\" \/><p id=\"caption-attachment-141\" class=\"wp-caption-text\">Zertifiziert nach DIN EN 1090-1 sowie DIN EN 1090-2<\/p><\/div>\n<p><img decoding=\"async\" loading=\"lazy\" class=\"alignnone size-full wp-image-343\" src=\"http:\/\/www.werft-malz.de\/wp-content\/uploads\/2016\/02\/EU_Sozialfonds_rechts-e1454940513324.jpg\" alt=\"EU_Sozialfonds_rechts\" width=\"250\" height=\"150\" \/>\u00a0\u00a0\u00a0\u00a0\u00a0\u00a0<img decoding=\"async\" loading=\"lazy\" class=\"wp-image-399 alignleft\" src=\"http:\/\/www.werft-malz.de\/wp-content\/uploads\/2019\/08\/Logo_ESF_brandenburg-270x300.jpg\" alt=\"\" width=\"131\" height=\"146\" srcset=\"https:\/\/www.werft-malz.de\/wp-content\/uploads\/2019\/08\/Logo_ESF_brandenburg-270x300.jpg 270w, https:\/\/www.werft-malz.de\/wp-content\/uploads\/2019\/08\/Logo_ESF_brandenburg-768x855.jpg 768w, https:\/\/www.werft-malz.de\/wp-content\/uploads\/2019\/08\/Logo_ESF_brandenburg-624x695.jpg 624w, https:\/\/www.werft-malz.de\/wp-content\/uploads\/2019\/08\/Logo_ESF_brandenburg.jpg 831w\" sizes=\"(max-width: 131px) 100vw, 131px\" \/>\u00a0\u00a0\u00a0\u00a0\u00a0<!--more--><!--more--><\/p>\n<p><em>Gef\u00f6rdert durch das Ministerium f\u00fcr Arbeit, Soziales, Frauen <\/em><br \/>\n<em>und\u00a0 Familie\u00a0 aus\u00a0 Mitteln\u00a0 des\u00a0 Europ\u00e4ischen\u00a0 Sozialfonds\u00a0 und <\/em><br \/>\n<em>des Landes Brandenburg.<\/em><\/p>\n<p>Ma\u00dfnahme: Allgemeine Verbundausbildung,Zusatzqualifikation,Pr\u00fcfungsvorbereitung, Fachkraft f. Metalltechnik, 1.4.-Lehrjahr<\/p>\n","protected":false},"excerpt":{"rendered":"<p>Auf dem insgesamt 26000qm gro\u00dfem Gel\u00e4nde der Werft Malz GmbH k\u00f6nnen Motor- g\u00fcterschiffe, Fahrgastschiffe, Schubboote, technische Flotte und Beh\u00f6rdenfahrzeuge (insbesondere Polizeiboote) an Land genommen, repariert sowie Neubau- und Instandsetzungsarbeiten im Schiffsinneren bzw. an Schiffssystemen durchgef\u00fchrt werden.Desweiteren ist es m\u00f6glich durch die firmeneigene Tischlerei auch Innenausbauten und andere M\u00f6beltischlerarbeiten auszuf\u00fchren. Weitere Partner f\u00fcr Korrosionsschutz-\/Malerarbeiten sowie Elektrik [&hellip;]<\/p>\n","protected":false},"author":1,"featured_media":0,"parent":0,"menu_order":0,"comment_status":"closed","ping_status":"closed","template":"","meta":[],"_links":{"self":[{"href":"https:\/\/www.werft-malz.de\/index.php?rest_route=\/wp\/v2\/pages\/135"}],"collection":[{"href":"https:\/\/www.werft-malz.de\/index.php?rest_route=\/wp\/v2\/pages"}],"about":[{"href":"https:\/\/www.werft-malz.de\/index.php?rest_route=\/wp\/v2\/types\/page"}],"author":[{"embeddable":true,"href":"https:\/\/www.werft-malz.de\/index.php?rest_route=\/wp\/v2\/users\/1"}],"replies":[{"embeddable":true,"href":"https:\/\/www.werft-malz.de\/index.php?rest_route=%2Fwp%2Fv2%2Fcomments&post=135"}],"version-history":[{"count":21,"href":"https:\/\/www.werft-malz.de\/index.php?rest_route=\/wp\/v2\/pages\/135\/revisions"}],"predecessor-version":[{"id":408,"href":"https:\/\/www.werft-malz.de\/index.php?rest_route=\/wp\/v2\/pages\/135\/revisions\/408"}],"wp:attachment":[{"href":"https:\/\/www.werft-malz.de\/index.php?rest_route=%2Fwp%2Fv2%2Fmedia&parent=135"}],"curies":[{"name":"wp","href":"https:\/\/api.w.org\/{rel}","templated":true}]}}